{"id":252973,"date":"2026-01-16T15:56:52","date_gmt":"2026-01-16T14:56:52","guid":{"rendered":"https:\/\/agfbs.ch\/?post_type=product&#038;p=252973"},"modified":"2026-01-16T15:56:52","modified_gmt":"2026-01-16T14:56:52","slug":"develon-weste","status":"publish","type":"product","link":"https:\/\/agfbs.ch\/it\/produkt\/develon-weste\/","title":{"rendered":"Develon Weste"},"content":{"rendered":"<p>Heben Sie sich durch reflektierende Akzente besser sichtbar ab, w\u00e4hrend das Stretchmaterial an den Seiten f\u00fcr zus\u00e4tzliche Bewegungsfreiheit sorgt. Das einzigartige CLIMASCOT-Material sorgt f\u00fcr eine effiziente Isolierung und kombiniert leichte W\u00e4rme mit minimalem Stauraum im zusammengefalteten Zustand. Diese aus wasserabweisendem Material gefertigte Weste ist vielseitig einsetzbar und f\u00fcr verschiedene Wetterbedingungen geeignet.<\/p>\n<ul>\n<li>Gr\u00f6sse L<\/li>\n<\/ul>\n","protected":false},"excerpt":{"rendered":"<p>zzgl. MwSt.,\u00a0zzgl. Versand<\/p>\n","protected":false},"featured_media":252974,"template":"","meta":{"_acf_changed":false,"inline_featured_image":false},"product_brand":[],"product_cat":[102],"product_tag":[],"class_list":{"0":"post-252973","1":"product","2":"type-product","3":"status-publish","4":"has-post-thumbnail","6":"product_cat-bekleidung","8":"first","9":"instock","10":"taxable","11":"shipping-taxable","12":"purchasable","13":"product-type-simple"},"acf":[],"_links":{"self":[{"href":"https:\/\/agfbs.ch\/it\/wp-json\/wp\/v2\/product\/252973","targetHints":{"allow":["GET"]}}],"collection":[{"href":"https:\/\/agfbs.ch\/it\/wp-json\/wp\/v2\/product"}],"about":[{"href":"https:\/\/agfbs.ch\/it\/wp-json\/wp\/v2\/types\/product"}],"wp:featuredmedia":[{"embeddable":true,"href":"https:\/\/agfbs.ch\/it\/wp-json\/wp\/v2\/media\/252974"}],"wp:attachment":[{"href":"https:\/\/agfbs.ch\/it\/wp-json\/wp\/v2\/media?parent=252973"}],"wp:term":[{"taxonomy":"product_brand","embeddable":true,"href":"https:\/\/agfbs.ch\/it\/wp-json\/wp\/v2\/product_brand?post=252973"},{"taxonomy":"product_cat","embeddable":true,"href":"https:\/\/agfbs.ch\/it\/wp-json\/wp\/v2\/product_cat?post=252973"},{"taxonomy":"product_tag","embeddable":true,"href":"https:\/\/agfbs.ch\/it\/wp-json\/wp\/v2\/product_tag?post=252973"}],"curies":[{"name":"wp","href":"https:\/\/api.w.org\/{rel}","templated":true}]}}