{"id":252456,"date":"2025-05-02T15:14:01","date_gmt":"2025-05-02T14:14:01","guid":{"rendered":"https:\/\/agfbs.ch\/?post_type=product&#038;p=252456"},"modified":"2025-05-16T11:13:45","modified_gmt":"2025-05-16T10:13:45","slug":"develon-fischerhut","status":"publish","type":"product","link":"https:\/\/agfbs.ch\/it\/produkt\/develon-fischerhut\/","title":{"rendered":"Develon Fischerhut"},"content":{"rendered":"<p>Wendbarer Fischerhut von Develon \u2013 zwei Styles in einem! Der Hut l\u00e4sst sich beidseitig tragen und \u00fcberzeugt mit unterschiedlichen Farben auf Vorder- und R\u00fcckseite.<\/p>\n","protected":false},"excerpt":{"rendered":"<p>zzgl. MwSt.,\u00a0zzgl. Versand<\/p>\n","protected":false},"featured_media":252457,"template":"","meta":{"_acf_changed":false,"inline_featured_image":false},"product_brand":[],"product_cat":[102],"product_tag":[],"class_list":{"0":"post-252456","1":"product","2":"type-product","3":"status-publish","4":"has-post-thumbnail","6":"product_cat-bekleidung","8":"first","9":"instock","10":"taxable","11":"shipping-taxable","12":"purchasable","13":"product-type-simple"},"acf":[],"_links":{"self":[{"href":"https:\/\/agfbs.ch\/it\/wp-json\/wp\/v2\/product\/252456","targetHints":{"allow":["GET"]}}],"collection":[{"href":"https:\/\/agfbs.ch\/it\/wp-json\/wp\/v2\/product"}],"about":[{"href":"https:\/\/agfbs.ch\/it\/wp-json\/wp\/v2\/types\/product"}],"wp:featuredmedia":[{"embeddable":true,"href":"https:\/\/agfbs.ch\/it\/wp-json\/wp\/v2\/media\/252457"}],"wp:attachment":[{"href":"https:\/\/agfbs.ch\/it\/wp-json\/wp\/v2\/media?parent=252456"}],"wp:term":[{"taxonomy":"product_brand","embeddable":true,"href":"https:\/\/agfbs.ch\/it\/wp-json\/wp\/v2\/product_brand?post=252456"},{"taxonomy":"product_cat","embeddable":true,"href":"https:\/\/agfbs.ch\/it\/wp-json\/wp\/v2\/product_cat?post=252456"},{"taxonomy":"product_tag","embeddable":true,"href":"https:\/\/agfbs.ch\/it\/wp-json\/wp\/v2\/product_tag?post=252456"}],"curies":[{"name":"wp","href":"https:\/\/api.w.org\/{rel}","templated":true}]}}