{"id":252491,"date":"2025-05-09T16:36:41","date_gmt":"2025-05-09T15:36:41","guid":{"rendered":"https:\/\/agfbs.ch\/?post_type=product&#038;p=252491"},"modified":"2025-05-09T16:36:41","modified_gmt":"2025-05-09T15:36:41","slug":"develon-t-shirt","status":"publish","type":"product","link":"https:\/\/agfbs.ch\/fr\/produkt\/develon-t-shirt\/","title":{"rendered":"Develon T-Shirt"},"content":{"rendered":"<p>Unser Develon Kurzarm-T-Shirt ist ein Zeugnis f\u00fcr Qualit\u00e4t und Stil. Es hat ein klassisches Design mit Nackenband und halbmondf\u00f6rmigem Ausschnitt. Aus weichem, hochwertigem Stoff gefertigt, ist dieses T-Shirt nicht nur bequem, sondern auch resistent gegen Pilling, was seine Langlebigkeit und sein Aussehen auf Dauer gew\u00e4hrleistet.<\/p>\n<p>Der Rundhalsausschnitt mit schmalen Rippenb\u00fcndchen verleiht dem Shirt einen Hauch von Raffinesse. Das Poloshirt ist aus einer hochwertigen Mischung aus 95% Baumwolle und 5% Elastan gefertigt. Die schmale Passform des T-Shirts sorgt f\u00fcr einen modernen und schmeichelhaften Look. Das Develon-Logo ist sowohl auf der Vorderseite als auch auf der R\u00fcckseite prominent platziert.<\/p>\n","protected":false},"excerpt":{"rendered":"<p>zzgl. MwSt.,\u00a0zzgl. Versand<\/p>\n","protected":false},"featured_media":252499,"template":"","meta":{"_acf_changed":false,"inline_featured_image":false},"product_brand":[],"product_cat":[102],"product_tag":[],"class_list":{"0":"post-252491","1":"product","2":"type-product","3":"status-publish","4":"has-post-thumbnail","6":"product_cat-bekleidung","8":"first","9":"instock","10":"taxable","11":"shipping-taxable","12":"purchasable","13":"product-type-variable"},"acf":[],"_links":{"self":[{"href":"https:\/\/agfbs.ch\/fr\/wp-json\/wp\/v2\/product\/252491","targetHints":{"allow":["GET"]}}],"collection":[{"href":"https:\/\/agfbs.ch\/fr\/wp-json\/wp\/v2\/product"}],"about":[{"href":"https:\/\/agfbs.ch\/fr\/wp-json\/wp\/v2\/types\/product"}],"wp:featuredmedia":[{"embeddable":true,"href":"https:\/\/agfbs.ch\/fr\/wp-json\/wp\/v2\/media\/252499"}],"wp:attachment":[{"href":"https:\/\/agfbs.ch\/fr\/wp-json\/wp\/v2\/media?parent=252491"}],"wp:term":[{"taxonomy":"product_brand","embeddable":true,"href":"https:\/\/agfbs.ch\/fr\/wp-json\/wp\/v2\/product_brand?post=252491"},{"taxonomy":"product_cat","embeddable":true,"href":"https:\/\/agfbs.ch\/fr\/wp-json\/wp\/v2\/product_cat?post=252491"},{"taxonomy":"product_tag","embeddable":true,"href":"https:\/\/agfbs.ch\/fr\/wp-json\/wp\/v2\/product_tag?post=252491"}],"curies":[{"name":"wp","href":"https:\/\/api.w.org\/{rel}","templated":true}]}}