{"id":252163,"date":"2025-02-10T16:32:18","date_gmt":"2025-02-10T15:32:18","guid":{"rendered":"https:\/\/agfbs.ch\/?post_type=product&#038;p=252163"},"modified":"2025-05-02T07:47:00","modified_gmt":"2025-05-02T06:47:00","slug":"develon-essentials-hoodie","status":"publish","type":"product","link":"https:\/\/agfbs.ch\/fr\/produkt\/develon-essentials-hoodie\/","title":{"rendered":"Develon Essentials Hoodie"},"content":{"rendered":"<p>Unser Develon Hoodie ist ein unverzichtbares Kleidungsst\u00fcck, das in Ihrem Kleiderschrank nicht fehlen sollte. Der Kapuzenpulli besteht aus einer Mischung aus 80 % Baumwolle und 20 % Polyester, die f\u00fcr ein angenehmes und langlebiges Material sorgt. Ausserdem hat er ein Fleece-Futter f\u00fcr zus\u00e4tzliche W\u00e4rme.<\/p>\n","protected":false},"excerpt":{"rendered":"<p>zzgl. MwSt.,\u00a0zzgl. Versand<\/p>\n","protected":false},"featured_media":252164,"template":"","meta":{"_acf_changed":false,"inline_featured_image":false},"product_brand":[],"product_cat":[102],"product_tag":[],"class_list":{"0":"post-252163","1":"product","2":"type-product","3":"status-publish","4":"has-post-thumbnail","6":"product_cat-bekleidung","8":"first","9":"instock","10":"taxable","11":"shipping-taxable","12":"purchasable","13":"product-type-variable"},"acf":[],"_links":{"self":[{"href":"https:\/\/agfbs.ch\/fr\/wp-json\/wp\/v2\/product\/252163","targetHints":{"allow":["GET"]}}],"collection":[{"href":"https:\/\/agfbs.ch\/fr\/wp-json\/wp\/v2\/product"}],"about":[{"href":"https:\/\/agfbs.ch\/fr\/wp-json\/wp\/v2\/types\/product"}],"wp:featuredmedia":[{"embeddable":true,"href":"https:\/\/agfbs.ch\/fr\/wp-json\/wp\/v2\/media\/252164"}],"wp:attachment":[{"href":"https:\/\/agfbs.ch\/fr\/wp-json\/wp\/v2\/media?parent=252163"}],"wp:term":[{"taxonomy":"product_brand","embeddable":true,"href":"https:\/\/agfbs.ch\/fr\/wp-json\/wp\/v2\/product_brand?post=252163"},{"taxonomy":"product_cat","embeddable":true,"href":"https:\/\/agfbs.ch\/fr\/wp-json\/wp\/v2\/product_cat?post=252163"},{"taxonomy":"product_tag","embeddable":true,"href":"https:\/\/agfbs.ch\/fr\/wp-json\/wp\/v2\/product_tag?post=252163"}],"curies":[{"name":"wp","href":"https:\/\/api.w.org\/{rel}","templated":true}]}}