{"id":87474,"date":"2023-12-20T22:09:44","date_gmt":"2023-12-20T21:09:44","guid":{"rendered":"https:\/\/ag-fr-baumaschinen.local\/actualites\/"},"modified":"2024-01-30T14:42:24","modified_gmt":"2024-01-30T13:42:24","slug":"actualites","status":"publish","type":"page","link":"https:\/\/agfbs.ch\/fr\/actualites\/","title":{"rendered":"Actualit\u00e9s"},"content":{"rendered":"\n<div style=\"height:100px\" aria-hidden=\"true\" class=\"wp-block-spacer\"><\/div>\n\n<div class=\"wp-block-query is-layout-flow wp-block-query-is-layout-flow\"><ul class=\"wp-block-post-template is-layout-flow wp-block-post-template-is-layout-flow\"><li class=\"wp-block-post post-87475 post type-post status-publish format-standard has-post-thumbnail hentry category-non-classifiee\">\n\n<div class=\"wp-block-columns is-layout-flex wp-container-core-columns-is-layout-9d6595d7 wp-block-columns-is-layout-flex\">\n<div class=\"wp-block-column is-layout-flow wp-block-column-is-layout-flow\"><figure class=\"wp-block-post-featured-image\"><img loading=\"lazy\" decoding=\"async\" width=\"883\" height=\"276\" src=\"https:\/\/agfbs.ch\/wp-content\/uploads\/2023\/06\/Doosan_Develon.jpg\" class=\"attachment-post-thumbnail size-post-thumbnail wp-post-image\" alt=\"\" style=\"object-fit:cover;\" srcset=\"https:\/\/agfbs.ch\/wp-content\/uploads\/2023\/06\/Doosan_Develon.jpg 883w, https:\/\/agfbs.ch\/wp-content\/uploads\/2023\/06\/Doosan_Develon-600x188.jpg 600w, https:\/\/agfbs.ch\/wp-content\/uploads\/2023\/06\/Doosan_Develon-300x94.jpg 300w, https:\/\/agfbs.ch\/wp-content\/uploads\/2023\/06\/Doosan_Develon-768x240.jpg 768w, https:\/\/agfbs.ch\/wp-content\/uploads\/2023\/06\/Doosan_Develon-500x156.jpg 500w\" sizes=\"auto, (max-width: 883px) 100vw, 883px\" \/><\/figure><\/div>\n\n\n\n<div class=\"wp-block-column is-layout-flow wp-block-column-is-layout-flow\"><h3 class=\"wp-block-post-title\">DOOSAN est d\u00e9sormais DEVELON<\/h3>\n\n\n<div style=\"height:20px\" aria-hidden=\"true\" class=\"wp-block-spacer\"><\/div>\n\n\n<div class=\"wp-block-post-excerpt\"><p class=\"wp-block-post-excerpt__excerpt\">Le nouveau nom de marque de DOOSAN Construction Equipment est DEVELON ! Develon signifie &#8220;Develop&#8221; (d\u00e9velopper) et &#8220;Onwards&#8221; (en avant\/en avant) et repr\u00e9sente un nouveau d\u00e9part pour relever les d\u00e9fis \u00e0 venir. Le nouveau nom de la marque incarne l&#8217;orientation et la volont\u00e9 de changer positivement le monde avec des produits et des solutions innovants.<\/p><p class=\"wp-block-post-excerpt__more-text\"><a class=\"wp-block-post-excerpt__more-link\" href=\"https:\/\/agfbs.ch\/fr\/doosan-est-desormais-develon\/\">plus sur le sujet<\/a><\/p><\/div>\n\n\n<div style=\"height:50px\" aria-hidden=\"true\" class=\"wp-block-spacer\"><\/div>\n<\/div>\n<\/div>\n\n<\/li><\/ul>\n\n<\/div>\n","protected":false},"excerpt":{"rendered":"","protected":false},"author":3,"featured_media":0,"parent":0,"menu_order":0,"comment_status":"closed","ping_status":"closed","template":"template_grosserheader.php","meta":{"_acf_changed":false,"inline_featured_image":false,"footnotes":""},"class_list":["post-87474","page","type-page","status-publish","hentry"],"acf":[],"_links":{"self":[{"href":"https:\/\/agfbs.ch\/fr\/wp-json\/wp\/v2\/pages\/87474","targetHints":{"allow":["GET"]}}],"collection":[{"href":"https:\/\/agfbs.ch\/fr\/wp-json\/wp\/v2\/pages"}],"about":[{"href":"https:\/\/agfbs.ch\/fr\/wp-json\/wp\/v2\/types\/page"}],"author":[{"embeddable":true,"href":"https:\/\/agfbs.ch\/fr\/wp-json\/wp\/v2\/users\/3"}],"replies":[{"embeddable":true,"href":"https:\/\/agfbs.ch\/fr\/wp-json\/wp\/v2\/comments?post=87474"}],"version-history":[{"count":0,"href":"https:\/\/agfbs.ch\/fr\/wp-json\/wp\/v2\/pages\/87474\/revisions"}],"wp:attachment":[{"href":"https:\/\/agfbs.ch\/fr\/wp-json\/wp\/v2\/media?parent=87474"}],"curies":[{"name":"wp","href":"https:\/\/api.w.org\/{rel}","templated":true}]}}